{"id":5308,"date":"2024-06-19T09:15:28","date_gmt":"2024-06-19T09:15:28","guid":{"rendered":"https:\/\/kortspillregler.com\/kontakta-oss\/"},"modified":"2025-01-31T11:40:33","modified_gmt":"2025-01-31T11:40:33","slug":"kontakt-oss","status":"publish","type":"page","link":"https:\/\/kortspillregler.com\/sv\/kontakt-oss\/","title":{"rendered":"Kontakt oss"},"content":{"rendered":"\n<p>Har du sp\u00f8rsm\u00e5l eller tilbakemeldinger? Vi vil gjerne h\u00f8re fra deg!<\/p>\n\n\n\n<p>Fyll ut skjemaet nedenfor, eller send oss en e-post, s\u00e5 kommer vi tilbake til deg s\u00e5 snart som mulig. Vi setter pris p\u00e5 din interesse og ser frem til \u00e5 hjelpe deg.<\/p>\n\n\n\n<style>\n  \/* Contact Box Styling *\/\n  .contact-box {\n    max-width: 400px; \/* Limits width for a clean look *\/\n    padding: 20px;\n    background-color: #f8f9fa; \/* Light grey background *\/\n    border-radius: 12px; \/* Smooth edges *\/\n    border: 1px solid #ccc; \/* Subtle border *\/\n    box-shadow: 0px 4px 8px rgba(0, 0, 0, 0.1); \/* Light shadow for depth *\/\n  }\n\n  \/* Contact Title *\/\n  .contact-title {\n    font-size: 22px;\n    font-weight: bold;\n    font-family: \"Arial\", sans-serif;\n    color: #004085; \/* Deep blue *\/\n    margin-bottom: 12px;\n  }\n\n  \/* Contact Buttons *\/\n  .contact-button {\n    font-size: 18px;\n    font-family: \"Arial\", sans-serif;\n    font-weight: bold;\n    color: #ffffff; \/* White text *\/\n    background-color: #004085; \/* Deep blue *\/\n    border: none;\n    border-radius: 8px; \/* Smooth edges *\/\n    padding: 12px 20px; \/* Optimal click area *\/\n    text-decoration: none;\n    display: flex;\n    align-items: center;\n    justify-content: left;\n    transition: all 0.3s ease-in-out;\n    cursor: pointer;\n    box-shadow: 0px 4px 6px rgba(0, 0, 0, 0.1);\n    width: 100%; \/* Full width inside the contact box *\/\n  }\n\n  .contact-button:hover {\n    background-color: #002b5e; \/* Darker blue on hover *\/\n    box-shadow: 0px 6px 10px rgba(0, 0, 0, 0.15);\n  }\n\n  \/* Contact Container *\/\n  .contact-container {\n    display: flex;\n    flex-direction: column;\n    gap: 10px;\n    align-items: flex-start;\n  }\n\n  \/* Email Text *\/\n  .email-text {\n    font-size: 18px;\n    font-family: \"Arial\", sans-serif;\n    font-weight: bold;\n    color: #004085;\n    margin-bottom: 10px;\n    display: block;\n  }\n\n  \/* Button Icons *\/\n  .contact-button i {\n    margin-right: 10px;\n  }\n<\/style>\n\n<script>\n  document.addEventListener(\"DOMContentLoaded\", function() {\n    \/\/ ** Automatically sets the email to match the website\u2019s domain **\n    var emailUser = \"hello\";\n    var emailDomain = window.location.hostname;\n    var emailFull = emailUser + \"@\" + emailDomain;\n\n    \/\/ Show Email as Text (Bot-Protected)\n    var emailText = document.createElement(\"span\");\n    emailText.className = \"email-text\";\n    emailText.innerHTML = \"\ud83d\udce7 \" + emailFull;\n    document.getElementById(\"email-display\").appendChild(emailText);\n\n    \/\/ Email Button\n    var emailLink = document.createElement(\"a\");\n    emailLink.href = \"mailto:\" + emailFull;\n    emailLink.className = \"contact-button\";\n    emailLink.innerHTML = \"\ud83d\udce9 Send Email\";\n    document.getElementById(\"email-button\").appendChild(emailLink);\n\n    \/\/ Skype Button\n    var skypeID = \"live:.cid.d5c381bed0056b6c\";\n    var skypeLink = document.createElement(\"a\");\n    skypeLink.href = \"skype:\" + skypeID + \"?chat\";\n    skypeLink.className = \"contact-button\";\n    skypeLink.innerHTML = \"\ud83d\udcac Chat on Skype\";\n    document.getElementById(\"skype-link\").appendChild(skypeLink);\n\n    \/\/ Telegram Button\n    var telegramLink = document.createElement(\"a\");\n    telegramLink.href = \"https:\/\/t.me\/m\/OEuW4H1OMzY0\";\n    telegramLink.className = \"contact-button\";\n    telegramLink.innerHTML = \"\ud83d\udcf2 Chat on Telegram\";\n    document.getElementById(\"telegram-link\").appendChild(telegramLink);\n  });\n<\/script>\n\n<!-- Contact Box -->\n<div class=\"contact-box\">\n  <div class=\"contact-title\">\ud83d\udcde Contact Us<\/div>\n  <div id=\"email-display\"><\/div> <!-- Email shown dynamically -->\n  <div class=\"contact-container\">\n    <div id=\"email-button\"><\/div>\n    <div id=\"skype-link\"><\/div>\n    <div id=\"telegram-link\"><\/div>\n  <\/div>\n<\/div>\n\n","protected":false},"excerpt":{"rendered":"<p>Har du sp\u00f8rsm\u00e5l eller tilbakemeldinger? Vi vil gjerne h\u00f8re fra deg! Fyll ut skjemaet nedenfor, eller send oss en e-post, s\u00e5 kommer vi tilbake til deg s\u00e5 snart som mulig. Vi setter pris p\u00e5 din interesse og ser frem til \u00e5 hjelpe deg. \ud83d\udcde Contact Us<\/p>\n","protected":false},"author":1,"featured_media":0,"parent":0,"menu_order":0,"comment_status":"closed","ping_status":"closed","template":"","meta":{"_acf_changed":false,"footnotes":""},"coauthors":[52],"class_list":["post-5308","page","type-page","status-publish","hentry"],"acf":[],"yoast_head":"<!-- This site is optimized with the Yoast SEO plugin v23.8 - https:\/\/yoast.com\/wordpress\/plugins\/seo\/ -->\n<title>Kontakt oss - Kortspill Regler<\/title>\n<meta name=\"robots\" content=\"index, follow, max-snippet:-1, max-image-preview:large, max-video-preview:-1\" \/>\n<link rel=\"canonical\" href=\"https:\/\/kortspillregler.com\/sv\/kontakt-oss\/\" \/>\n<meta property=\"og:locale\" content=\"sv_SE\" \/>\n<meta property=\"og:type\" content=\"article\" \/>\n<meta property=\"og:title\" content=\"Kontakt oss - Kortspill Regler\" \/>\n<meta property=\"og:description\" content=\"Har du sp\u00f8rsm\u00e5l eller tilbakemeldinger? Vi vil gjerne h\u00f8re fra deg! Fyll ut skjemaet nedenfor, eller send oss en e-post, s\u00e5 kommer vi tilbake til deg s\u00e5 snart som mulig. Vi setter pris p\u00e5 din interesse og ser frem til \u00e5 hjelpe deg. \ud83d\udcde Contact Us\" \/>\n<meta property=\"og:url\" content=\"https:\/\/kortspillregler.com\/sv\/kontakt-oss\/\" \/>\n<meta property=\"og:site_name\" content=\"Kortspill Regler\" \/>\n<meta property=\"article:modified_time\" content=\"2025-01-31T11:40:33+00:00\" \/>\n<meta name=\"twitter:card\" content=\"summary_large_image\" \/>\n<meta name=\"twitter:label1\" content=\"Ber\u00e4knad l\u00e4stid\" \/>\n\t<meta name=\"twitter:data1\" content=\"1 minut\" \/>\n\t<meta name=\"twitter:label2\" content=\"Skriven av\" \/>\n\t<meta name=\"twitter:data2\" content=\"kortspillregler\" \/>\n<script type=\"application\/ld+json\" class=\"yoast-schema-graph\">{\"@context\":\"https:\/\/schema.org\",\"@graph\":[{\"@type\":\"WebPage\",\"@id\":\"https:\/\/kortspillregler.com\/sv\/kontakt-oss\/\",\"url\":\"https:\/\/kortspillregler.com\/sv\/kontakt-oss\/\",\"name\":\"Kontakt oss - Kortspill Regler\",\"isPartOf\":{\"@id\":\"https:\/\/kortspillregler.com\/#website\"},\"datePublished\":\"2024-06-19T09:15:28+00:00\",\"dateModified\":\"2025-01-31T11:40:33+00:00\",\"breadcrumb\":{\"@id\":\"https:\/\/kortspillregler.com\/sv\/kontakt-oss\/#breadcrumb\"},\"inLanguage\":\"sv-SE\",\"potentialAction\":[{\"@type\":\"ReadAction\",\"target\":[\"https:\/\/kortspillregler.com\/sv\/kontakt-oss\/\"]}]},{\"@type\":\"BreadcrumbList\",\"@id\":\"https:\/\/kortspillregler.com\/sv\/kontakt-oss\/#breadcrumb\",\"itemListElement\":[{\"@type\":\"ListItem\",\"position\":1,\"name\":\"Hjem\",\"item\":\"https:\/\/kortspillregler.com\/sv\/\"},{\"@type\":\"ListItem\",\"position\":2,\"name\":\"Kontakt oss\"}]},{\"@type\":\"WebSite\",\"@id\":\"https:\/\/kortspillregler.com\/#website\",\"url\":\"https:\/\/kortspillregler.com\/\",\"name\":\"Kortspill Regler\",\"description\":\"\",\"publisher\":{\"@id\":\"https:\/\/kortspillregler.com\/#organization\"},\"potentialAction\":[{\"@type\":\"SearchAction\",\"target\":{\"@type\":\"EntryPoint\",\"urlTemplate\":\"https:\/\/kortspillregler.com\/?s={search_term_string}\"},\"query-input\":{\"@type\":\"PropertyValueSpecification\",\"valueRequired\":true,\"valueName\":\"search_term_string\"}}],\"inLanguage\":\"sv-SE\"},{\"@type\":\"Organization\",\"@id\":\"https:\/\/kortspillregler.com\/#organization\",\"name\":\"Kortspill Regler\",\"url\":\"https:\/\/kortspillregler.com\/\",\"logo\":{\"@type\":\"ImageObject\",\"inLanguage\":\"sv-SE\",\"@id\":\"https:\/\/kortspillregler.com\/#\/schema\/logo\/image\/\",\"url\":\"https:\/\/kortspillregler.com\/wp-content\/uploads\/2022\/11\/kortspille-300-x-50-px2.png\",\"contentUrl\":\"https:\/\/kortspillregler.com\/wp-content\/uploads\/2022\/11\/kortspille-300-x-50-px2.png\",\"width\":900,\"height\":150,\"caption\":\"Kortspill Regler\"},\"image\":{\"@id\":\"https:\/\/kortspillregler.com\/#\/schema\/logo\/image\/\"}}]}<\/script>\n<!-- \/ Yoast SEO plugin. -->","yoast_head_json":{"title":"Kontakt oss - Kortspill Regler","robots":{"index":"index","follow":"follow","max-snippet":"max-snippet:-1","max-image-preview":"max-image-preview:large","max-video-preview":"max-video-preview:-1"},"canonical":"https:\/\/kortspillregler.com\/sv\/kontakt-oss\/","og_locale":"sv_SE","og_type":"article","og_title":"Kontakt oss - Kortspill Regler","og_description":"Har du sp\u00f8rsm\u00e5l eller tilbakemeldinger? Vi vil gjerne h\u00f8re fra deg! Fyll ut skjemaet nedenfor, eller send oss en e-post, s\u00e5 kommer vi tilbake til deg s\u00e5 snart som mulig. Vi setter pris p\u00e5 din interesse og ser frem til \u00e5 hjelpe deg. \ud83d\udcde Contact Us","og_url":"https:\/\/kortspillregler.com\/sv\/kontakt-oss\/","og_site_name":"Kortspill Regler","article_modified_time":"2025-01-31T11:40:33+00:00","twitter_card":"summary_large_image","twitter_misc":{"Ber\u00e4knad l\u00e4stid":"1 minut","Skriven av":"kortspillregler"},"schema":{"@context":"https:\/\/schema.org","@graph":[{"@type":"WebPage","@id":"https:\/\/kortspillregler.com\/sv\/kontakt-oss\/","url":"https:\/\/kortspillregler.com\/sv\/kontakt-oss\/","name":"Kontakt oss - Kortspill Regler","isPartOf":{"@id":"https:\/\/kortspillregler.com\/#website"},"datePublished":"2024-06-19T09:15:28+00:00","dateModified":"2025-01-31T11:40:33+00:00","breadcrumb":{"@id":"https:\/\/kortspillregler.com\/sv\/kontakt-oss\/#breadcrumb"},"inLanguage":"sv-SE","potentialAction":[{"@type":"ReadAction","target":["https:\/\/kortspillregler.com\/sv\/kontakt-oss\/"]}]},{"@type":"BreadcrumbList","@id":"https:\/\/kortspillregler.com\/sv\/kontakt-oss\/#breadcrumb","itemListElement":[{"@type":"ListItem","position":1,"name":"Hjem","item":"https:\/\/kortspillregler.com\/sv\/"},{"@type":"ListItem","position":2,"name":"Kontakt oss"}]},{"@type":"WebSite","@id":"https:\/\/kortspillregler.com\/#website","url":"https:\/\/kortspillregler.com\/","name":"Kortspill Regler","description":"","publisher":{"@id":"https:\/\/kortspillregler.com\/#organization"},"potentialAction":[{"@type":"SearchAction","target":{"@type":"EntryPoint","urlTemplate":"https:\/\/kortspillregler.com\/?s={search_term_string}"},"query-input":{"@type":"PropertyValueSpecification","valueRequired":true,"valueName":"search_term_string"}}],"inLanguage":"sv-SE"},{"@type":"Organization","@id":"https:\/\/kortspillregler.com\/#organization","name":"Kortspill Regler","url":"https:\/\/kortspillregler.com\/","logo":{"@type":"ImageObject","inLanguage":"sv-SE","@id":"https:\/\/kortspillregler.com\/#\/schema\/logo\/image\/","url":"https:\/\/kortspillregler.com\/wp-content\/uploads\/2022\/11\/kortspille-300-x-50-px2.png","contentUrl":"https:\/\/kortspillregler.com\/wp-content\/uploads\/2022\/11\/kortspille-300-x-50-px2.png","width":900,"height":150,"caption":"Kortspill Regler"},"image":{"@id":"https:\/\/kortspillregler.com\/#\/schema\/logo\/image\/"}}]}},"_links":{"self":[{"href":"https:\/\/kortspillregler.com\/sv\/wp-json\/wp\/v2\/pages\/5308","targetHints":{"allow":["GET"]}}],"collection":[{"href":"https:\/\/kortspillregler.com\/sv\/wp-json\/wp\/v2\/pages"}],"about":[{"href":"https:\/\/kortspillregler.com\/sv\/wp-json\/wp\/v2\/types\/page"}],"author":[{"embeddable":true,"href":"https:\/\/kortspillregler.com\/sv\/wp-json\/wp\/v2\/users\/1"}],"replies":[{"embeddable":true,"href":"https:\/\/kortspillregler.com\/sv\/wp-json\/wp\/v2\/comments?post=5308"}],"version-history":[{"count":4,"href":"https:\/\/kortspillregler.com\/sv\/wp-json\/wp\/v2\/pages\/5308\/revisions"}],"predecessor-version":[{"id":5527,"href":"https:\/\/kortspillregler.com\/sv\/wp-json\/wp\/v2\/pages\/5308\/revisions\/5527"}],"wp:attachment":[{"href":"https:\/\/kortspillregler.com\/sv\/wp-json\/wp\/v2\/media?parent=5308"}],"wp:term":[{"taxonomy":"author","embeddable":true,"href":"https:\/\/kortspillregler.com\/sv\/wp-json\/wp\/v2\/coauthors?post=5308"}],"curies":[{"name":"wp","href":"https:\/\/api.w.org\/{rel}","templated":true}]}}